{"id":2,"date":"2026-01-23T20:16:56","date_gmt":"2026-01-23T19:16:56","guid":{"rendered":"https:\/\/ai.conmerx.com\/?page_id=2"},"modified":"2026-03-11T11:41:33","modified_gmt":"2026-03-11T10:41:33","slug":"impressum","status":"publish","type":"page","link":"https:\/\/ai.conmerx.com\/de\/impressum\/","title":{"rendered":"Impressum"},"content":{"rendered":"<div class=\"et_pb_section_0 et_pb_section et_section_regular et_block_section\">\n<div class=\"et_pb_row_0 et_pb_row et_block_row preset--module--divi-row--default\">\n<div class=\"et_pb_column_0 et_pb_column et_pb_column_4_4 et-last-child et_block_column et_pb_css_mix_blend_mode_passthrough\">\n<div class=\"et_pb_text_0 et_pb_text et_pb_bg_layout_light et_pb_module et_block_module\"><div class=\"et_pb_text_inner\"><h1>Impressum<\/h1>\n<p>\n<strong>conmerx UG (haftungsbeschr\u00e4nkt)<\/strong><br \/>\nWallen-Lienen 64<br \/>\n49545 Tecklenburg<br \/>\nDeutschland\n<\/p>\n<p>\nTelefon: +49 5455 6339666<br \/>\nTelefax: +49 5455 6339695<br \/>\nE-Mail: <a href=\"mailto:info@conmerx.de\">info@conmerx.de<\/a>\n<\/p>\n<p>\nGesch\u00e4ftsf\u00fchrung: Petra Maspohl<br \/>\nRegistergericht: Amtsgericht Steinfurt<br \/>\nHandelsregister: HRB 14178<br \/>\nUmsatzsteuer-Identifikationsnummer gem\u00e4\u00df \u00a7 27a UStG: DE322518827\n<\/p>\n<h4>Rechtliche Hinweise<\/h4>\n<p>\nWir behalten uns vor, die Inhalte dieser Website jederzeit und ohne vorherige Ank\u00fcndigung zu \u00e4ndern oder zu aktualisieren.\n<\/p>\n<p>\nAlle auf unseren Internetseiten ver\u00f6ffentlichten Werke und Werkteile \u2013 insbesondere Texte, Grafiken, Illustrationen, Kompositionen und Bilder \u2013 sind urheberrechtlich gesch\u00fctzt.\n<\/p>\n<p>\nJede Form der Vervielf\u00e4ltigung, Bearbeitung, Verbreitung oder sonstigen Nutzung au\u00dferhalb der Grenzen des Urheberrechts bedarf der vorherigen schriftlichen Zustimmung der conmerx UG (haftungsbeschr\u00e4nkt).\n<\/p>\n<h4>Haftung f\u00fcr Inhalte und Links<\/h4>\n<p>\nAls Diensteanbieter sind wir gem\u00e4\u00df \u00a7\u00a7 7 bis 10 Digitale-Dienste-Gesetz (DDG) f\u00fcr eigene Inhalte auf diesen Seiten nach den allgemeinen Gesetzen verantwortlich.\n<\/p>\n<p>\nUnser Angebot enth\u00e4lt Links zu externen Websites Dritter, auf deren Inhalte wir keinen Einfluss haben. Deshalb k\u00f6nnen wir f\u00fcr diese fremden Inhalte auch keine Gew\u00e4hr \u00fcbernehmen.\n<\/p>\n<p>\nF\u00fcr die Inhalte der verlinkten Seiten ist stets der jeweilige Anbieter oder Betreiber der Seiten verantwortlich. Zum Zeitpunkt der Verlinkung wurden die verlinkten Seiten auf m\u00f6gliche Rechtsverst\u00f6\u00dfe \u00fcberpr\u00fcft. Rechtswidrige Inhalte waren zum Zeitpunkt der Verlinkung nicht erkennbar.\n<\/p>\n<h4>Bildquellen &amp; KI-Erstellung<\/h4>\n<p>\nEinige der auf dieser Website verwendeten Abbildungen und Illustrationen wurden mithilfe von KI-Bildgeneratoren (z.&nbsp;B. Midjourney oder DALL\u00b7E) erstellt.<\/p>\n<\/div><\/div>\n<\/div>\n<\/div>\n<\/div>","protected":false},"excerpt":{"rendered":"","protected":false},"author":1,"featured_media":0,"parent":0,"menu_order":0,"comment_status":"closed","ping_status":"closed","template":"","meta":{"footnotes":""},"class_list":["post-2","page","type-page","status-publish","hentry"],"_links":{"self":[{"href":"https:\/\/ai.conmerx.com\/de\/wp-json\/wp\/v2\/pages\/2","targetHints":{"allow":["GET"]}}],"collection":[{"href":"https:\/\/ai.conmerx.com\/de\/wp-json\/wp\/v2\/pages"}],"about":[{"href":"https:\/\/ai.conmerx.com\/de\/wp-json\/wp\/v2\/types\/page"}],"author":[{"embeddable":true,"href":"https:\/\/ai.conmerx.com\/de\/wp-json\/wp\/v2\/users\/1"}],"replies":[{"embeddable":true,"href":"https:\/\/ai.conmerx.com\/de\/wp-json\/wp\/v2\/comments?post=2"}],"version-history":[{"count":14,"href":"https:\/\/ai.conmerx.com\/de\/wp-json\/wp\/v2\/pages\/2\/revisions"}],"predecessor-version":[{"id":855,"href":"https:\/\/ai.conmerx.com\/de\/wp-json\/wp\/v2\/pages\/2\/revisions\/855"}],"wp:attachment":[{"href":"https:\/\/ai.conmerx.com\/de\/wp-json\/wp\/v2\/media?parent=2"}],"curies":[{"name":"wp","href":"https:\/\/api.w.org\/{rel}","templated":true}]}}